{"id":176,"date":"2009-11-11T17:38:08","date_gmt":"2009-11-11T16:38:08","guid":{"rendered":"http:\/\/freshface.cz\/lcp\/wp\/?page_id=73"},"modified":"2018-06-06T18:24:00","modified_gmt":"2018-06-06T18:24:00","slug":"contact","status":"publish","type":"page","link":"https:\/\/www.dpsg-aalen.de\/?page_id=176","title":{"rendered":"Kontakt"},"content":{"rendered":"<p><strong>Der Pfad zu uns<\/strong> ist total unkompliziert:<\/p>\n<p>Wenn Du Lust hast bei uns reinzuschauen und heraus finden m\u00f6chtest was Pfadfinden bedeutet: Kein Problem! Du bekommst auch nicht sofort einen Anmeldezettel in die Hand gedr\u00fcckt.<\/p>\n<p><strong>Unsere Adresse lautet:<br \/>\nBohlstra\u00dfe 5<br \/>\n73431 Aalen<\/strong><\/p>\n<p>Wir treffen uns immer <strong>Dienstags von 18.00 Uhr bis 19.30 Uhr<\/strong> an der Salvatorkirche im Salvatorheim, der passende Eingang ist an der Bohlstrasse gelegen. Derzeit finden die Gruppenstunden der W\u00f6lflinge, Jungpfadfinder, Pfadfinder und Rover parallel statt. In den Schulferien finden keine Gruppenstunden statt.<\/p>\n<p>Bei uns spielt es keine Rolle ob Du M\u00e4dchen oder Junge, katholisch oder evangelisch, laut oder leise, usw bist. Wenn du Lust bekommen hast, schau einfach vorbei!<\/p>\n<p>Du hast Fragen zu den einzelnen Stufen, Aktionen oder m\u00f6chtest einfach etwas mehr \u00fcber uns wissen?<\/p>\n<p>Schreib uns einfach eine Email oder kontaktiere uns \u00fcber <strong><a href=\"https:\/\/www.facebook.com\/DPSG-Salvator-Aalen-337922602892059\/?fref=ts\">Facebook<\/a><\/strong> oder <strong><a href=\"https:\/\/www.instagram.com\/dpsg.aalen\/\">Instagram<\/a><\/strong>.<br \/>\n<strong>Email: Vorstand@dpsg-aalen.de<\/strong><\/p>\n","protected":false},"excerpt":{"rendered":"<p>Der Pfad zu uns ist total unkompliziert: Wenn Du Lust hast bei uns reinzuschauen und heraus finden m\u00f6chtest was Pfadfinden bedeutet: Kein Problem! Du bekommst auch nicht sofort einen Anmeldezettel in die Hand gedr\u00fcckt. Unsere Adresse lautet: Bohlstra\u00dfe 5 73431 Aalen Wir treffen uns immer Dienstags von 18.00 Uhr bis 19.30 Uhr an der Salvatorkirche &hellip; <\/p>\n<p class=\"link-more\"><a href=\"https:\/\/www.dpsg-aalen.de\/?page_id=176\" class=\"more-link\"><span class=\"screen-reader-text\">\u201eKontakt\u201c<\/span> weiterlesen<\/a><\/p>\n","protected":false},"author":1,"featured_media":0,"parent":0,"menu_order":0,"comment_status":"closed","ping_status":"closed","template":"","meta":[],"_links":{"self":[{"href":"https:\/\/www.dpsg-aalen.de\/index.php?rest_route=\/wp\/v2\/pages\/176"}],"collection":[{"href":"https:\/\/www.dpsg-aalen.de\/index.php?rest_route=\/wp\/v2\/pages"}],"about":[{"href":"https:\/\/www.dpsg-aalen.de\/index.php?rest_route=\/wp\/v2\/types\/page"}],"author":[{"embeddable":true,"href":"https:\/\/www.dpsg-aalen.de\/index.php?rest_route=\/wp\/v2\/users\/1"}],"replies":[{"embeddable":true,"href":"https:\/\/www.dpsg-aalen.de\/index.php?rest_route=%2Fwp%2Fv2%2Fcomments&post=176"}],"version-history":[{"count":38,"href":"https:\/\/www.dpsg-aalen.de\/index.php?rest_route=\/wp\/v2\/pages\/176\/revisions"}],"predecessor-version":[{"id":2494,"href":"https:\/\/www.dpsg-aalen.de\/index.php?rest_route=\/wp\/v2\/pages\/176\/revisions\/2494"}],"wp:attachment":[{"href":"https:\/\/www.dpsg-aalen.de\/index.php?rest_route=%2Fwp%2Fv2%2Fmedia&parent=176"}],"curies":[{"name":"wp","href":"https:\/\/api.w.org\/{rel}","templated":true}]}}